{"id":1614,"date":"2024-01-11T18:21:31","date_gmt":"2024-01-11T17:21:31","guid":{"rendered":"https:\/\/womusk.com\/?post_type=product&#038;p=1614"},"modified":"2024-01-11T18:40:23","modified_gmt":"2024-01-11T17:40:23","slug":"hudobna-unia-slovenska","status":"publish","type":"product","link":"https:\/\/womusk.com\/en\/produkt\/hudobna-unia-slovenska\/","title":{"rendered":"Hudobn\u00e1 \u00fania Slovenska"},"content":{"rendered":"<p>guest: Lum\u00edr Mati<\/p>","protected":false},"excerpt":{"rendered":"<p>guest: Lum\u00edr Mati<\/p>\n<p>After payment, you will find the webinar active at this link: <a href=\"https:\/\/womusk.com\/en\/webinare\/hudobna-unia-slovenska\/\">https:\/\/womusk.com\/en\/webinare\/hudobna-unia-slovenska\/<\/a><\/p>\n","protected":false},"featured_media":1616,"template":"","meta":{"_ppp_document_settings_meta":""},"product_cat":[59],"product_tag":[],"yoast_head":"<!-- This site is optimized with the Yoast SEO plugin v21.8 - https:\/\/yoast.com\/wordpress\/plugins\/seo\/ -->\n<title>Hudobn\u00e1 \u00fania Slovenska - Womusk<\/title>\n<meta name=\"robots\" content=\"index, follow, max-snippet:-1, max-image-preview:large, max-video-preview:-1\" \/>\n<link rel=\"canonical\" href=\"https:\/\/womusk.com\/en\/produkt\/hudobna-unia-slovenska\/\" \/>\n<meta property=\"og:locale\" content=\"en_US\" \/>\n<meta property=\"og:type\" content=\"article\" \/>\n<meta property=\"og:title\" content=\"Hudobn\u00e1 \u00fania Slovenska - Womusk\" \/>\n<meta property=\"og:description\" content=\"guest: Lum\u00edr Mati  After payment, you will find the webinar active at this link: https:\/\/womusk.com\/en\/webinare\/hudobna-unia-slovenska\/\" \/>\n<meta property=\"og:url\" content=\"https:\/\/womusk.com\/en\/produkt\/hudobna-unia-slovenska\/\" \/>\n<meta property=\"og:site_name\" content=\"Womusk\" \/>\n<meta property=\"article:publisher\" content=\"https:\/\/www.facebook.com\/womusk\/\" \/>\n<meta property=\"article:modified_time\" content=\"2024-01-11T17:40:23+00:00\" \/>\n<meta property=\"og:image\" content=\"https:\/\/womusk.com\/wp-content\/uploads\/2024\/01\/09_Lumir_Mati.png\" \/>\n\t<meta property=\"og:image:width\" content=\"1080\" \/>\n\t<meta property=\"og:image:height\" content=\"1080\" \/>\n\t<meta property=\"og:image:type\" content=\"image\/png\" \/>\n<meta name=\"twitter:card\" content=\"summary_large_image\" \/>\n<meta name=\"twitter:label1\" content=\"Est. reading time\" \/>\n\t<meta name=\"twitter:data1\" content=\"1 minute\" \/>\n<script type=\"application\/ld+json\" class=\"yoast-schema-graph\">{\"@context\":\"https:\/\/schema.org\",\"@graph\":[{\"@type\":\"WebPage\",\"@id\":\"https:\/\/womusk.com\/en\/produkt\/hudobna-unia-slovenska\/\",\"url\":\"https:\/\/womusk.com\/en\/produkt\/hudobna-unia-slovenska\/\",\"name\":\"Hudobn\u00e1 \u00fania Slovenska - Womusk\",\"isPartOf\":{\"@id\":\"https:\/\/womusk.com\/en\/#website\"},\"datePublished\":\"2024-01-11T17:21:31+00:00\",\"dateModified\":\"2024-01-11T17:40:23+00:00\",\"breadcrumb\":{\"@id\":\"https:\/\/womusk.com\/en\/produkt\/hudobna-unia-slovenska\/#breadcrumb\"},\"inLanguage\":\"en-US\",\"potentialAction\":[{\"@type\":\"ReadAction\",\"target\":[[\"https:\/\/womusk.com\/en\/produkt\/hudobna-unia-slovenska\/\"]]}]},{\"@type\":\"BreadcrumbList\",\"@id\":\"https:\/\/womusk.com\/en\/produkt\/hudobna-unia-slovenska\/#breadcrumb\",\"itemListElement\":[{\"@type\":\"ListItem\",\"position\":1,\"name\":\"Domovsk\u00e1 str\u00e1nka\",\"item\":\"https:\/\/womusk.com\/en\/\"},{\"@type\":\"ListItem\",\"position\":2,\"name\":\"Webin\u00e1re\",\"item\":\"https:\/\/womusk.com\/en\/obchod\/\"},{\"@type\":\"ListItem\",\"position\":3,\"name\":\"Hudobn\u00e1 \u00fania Slovenska\"}]},{\"@type\":\"WebSite\",\"@id\":\"https:\/\/womusk.com\/en\/#website\",\"url\":\"https:\/\/womusk.com\/en\/\",\"name\":\"Womusk\",\"description\":\"The World Music from Slovakia\",\"publisher\":{\"@id\":\"https:\/\/womusk.com\/en\/#organization\"},\"potentialAction\":[{\"@type\":\"SearchAction\",\"target\":{\"@type\":\"EntryPoint\",\"urlTemplate\":\"https:\/\/womusk.com\/en\/?s={search_term_string}\"},\"query-input\":\"required name=search_term_string\"}],\"inLanguage\":\"en-US\"},{\"@type\":\"Organization\",\"@id\":\"https:\/\/womusk.com\/en\/#organization\",\"name\":\"The World Music from Slovakia\",\"url\":\"https:\/\/womusk.com\/en\/\",\"logo\":{\"@type\":\"ImageObject\",\"inLanguage\":\"en-US\",\"@id\":\"https:\/\/womusk.com\/en\/#\/schema\/logo\/image\/\",\"url\":\"https:\/\/womusk.com\/wp-content\/uploads\/2019\/07\/womusk_logo_transpent.png\",\"contentUrl\":\"https:\/\/womusk.com\/wp-content\/uploads\/2019\/07\/womusk_logo_transpent.png\",\"width\":300,\"height\":73,\"caption\":\"The World Music from Slovakia\"},\"image\":{\"@id\":\"https:\/\/womusk.com\/en\/#\/schema\/logo\/image\/\"},\"sameAs\":[\"https:\/\/www.facebook.com\/womusk\/\"]}]}<\/script>\n<!-- \/ Yoast SEO plugin. -->","yoast_head_json":{"title":"Hudobn\u00e1 \u00fania Slovenska - Womusk","robots":{"index":"index","follow":"follow","max-snippet":"max-snippet:-1","max-image-preview":"max-image-preview:large","max-video-preview":"max-video-preview:-1"},"canonical":"https:\/\/womusk.com\/en\/produkt\/hudobna-unia-slovenska\/","og_locale":"en_US","og_type":"article","og_title":"Hudobn\u00e1 \u00fania Slovenska - Womusk","og_description":"guest: Lum\u00edr Mati  After payment, you will find the webinar active at this link: https:\/\/womusk.com\/en\/webinare\/hudobna-unia-slovenska\/","og_url":"https:\/\/womusk.com\/en\/produkt\/hudobna-unia-slovenska\/","og_site_name":"Womusk","article_publisher":"https:\/\/www.facebook.com\/womusk\/","article_modified_time":"2024-01-11T17:40:23+00:00","og_image":[{"width":1080,"height":1080,"url":"https:\/\/womusk.com\/wp-content\/uploads\/2024\/01\/09_Lumir_Mati.png","type":"image\/png"}],"twitter_card":"summary_large_image","twitter_misc":{"Est. reading time":"1 minute"},"schema":{"@context":"https:\/\/schema.org","@graph":[{"@type":"WebPage","@id":"https:\/\/womusk.com\/en\/produkt\/hudobna-unia-slovenska\/","url":"https:\/\/womusk.com\/en\/produkt\/hudobna-unia-slovenska\/","name":"Hudobn\u00e1 \u00fania Slovenska - Womusk","isPartOf":{"@id":"https:\/\/womusk.com\/en\/#website"},"datePublished":"2024-01-11T17:21:31+00:00","dateModified":"2024-01-11T17:40:23+00:00","breadcrumb":{"@id":"https:\/\/womusk.com\/en\/produkt\/hudobna-unia-slovenska\/#breadcrumb"},"inLanguage":"en-US","potentialAction":[{"@type":"ReadAction","target":[["https:\/\/womusk.com\/en\/produkt\/hudobna-unia-slovenska\/"]]}]},{"@type":"BreadcrumbList","@id":"https:\/\/womusk.com\/en\/produkt\/hudobna-unia-slovenska\/#breadcrumb","itemListElement":[{"@type":"ListItem","position":1,"name":"Domovsk\u00e1 str\u00e1nka","item":"https:\/\/womusk.com\/en\/"},{"@type":"ListItem","position":2,"name":"Webin\u00e1re","item":"https:\/\/womusk.com\/en\/obchod\/"},{"@type":"ListItem","position":3,"name":"Hudobn\u00e1 \u00fania Slovenska"}]},{"@type":"WebSite","@id":"https:\/\/womusk.com\/en\/#website","url":"https:\/\/womusk.com\/en\/","name":"Womusk","description":"The World Music from Slovakia","publisher":{"@id":"https:\/\/womusk.com\/en\/#organization"},"potentialAction":[{"@type":"SearchAction","target":{"@type":"EntryPoint","urlTemplate":"https:\/\/womusk.com\/en\/?s={search_term_string}"},"query-input":"required name=search_term_string"}],"inLanguage":"en-US"},{"@type":"Organization","@id":"https:\/\/womusk.com\/en\/#organization","name":"The World Music from Slovakia","url":"https:\/\/womusk.com\/en\/","logo":{"@type":"ImageObject","inLanguage":"en-US","@id":"https:\/\/womusk.com\/en\/#\/schema\/logo\/image\/","url":"https:\/\/womusk.com\/wp-content\/uploads\/2019\/07\/womusk_logo_transpent.png","contentUrl":"https:\/\/womusk.com\/wp-content\/uploads\/2019\/07\/womusk_logo_transpent.png","width":300,"height":73,"caption":"The World Music from Slovakia"},"image":{"@id":"https:\/\/womusk.com\/en\/#\/schema\/logo\/image\/"},"sameAs":["https:\/\/www.facebook.com\/womusk\/"]}]}},"_links":{"self":[{"href":"https:\/\/womusk.com\/en\/wp-json\/wp\/v3\/product\/1614"}],"collection":[{"href":"https:\/\/womusk.com\/en\/wp-json\/wp\/v3\/product"}],"about":[{"href":"https:\/\/womusk.com\/en\/wp-json\/wp\/v2\/types\/product"}],"wp:featuredmedia":[{"embeddable":true,"href":"https:\/\/womusk.com\/en\/wp-json\/wp\/v2\/media\/1616"}],"wp:attachment":[{"href":"https:\/\/womusk.com\/en\/wp-json\/wp\/v2\/media?parent=1614"}],"wp:term":[{"taxonomy":"product_cat","embeddable":true,"href":"https:\/\/womusk.com\/en\/wp-json\/wp\/v2\/product_cat?post=1614"},{"taxonomy":"product_tag","embeddable":true,"href":"https:\/\/womusk.com\/en\/wp-json\/wp\/v2\/product_tag?post=1614"}],"curies":[{"name":"wp","href":"https:\/\/api.w.org\/{rel}","templated":true}]}}