{"id":1153,"date":"2020-08-11T10:29:16","date_gmt":"2020-08-11T08:29:16","guid":{"rendered":"https:\/\/womusk.com\/?page_id=1153"},"modified":"2020-08-11T10:29:16","modified_gmt":"2020-08-11T08:29:16","slug":"cookies","status":"publish","type":"page","link":"https:\/\/womusk.com\/en\/cookies\/","title":{"rendered":"Cookies"},"content":{"rendered":"<!-- wp:heading -->\r\n\r\n<strong>Pravidl\u00e1 pou\u017e\u00edvania cookies<\/strong>\r\nToto vyhl\u00e1senie m\u00f4\u017eeme z \u010dasu na \u010das aktualizova\u0165 aj bez upozornenia. Preto v\u00e1m odpor\u00fa\u010dame, aby ste sa pravidelne oboznamovali s jeho znen\u00edm na nasledovnom linku: Pravidl\u00e1 pou\u017e\u00edvania cookies.\r\n\r\nT\u00e1to verzia vyhl\u00e1senia bola vydan\u00e1 d\u0148a 11. augusta 2020.\r\n\r\n<strong>Cookies<\/strong>\r\nAk nav\u0161t\u00edvite st\u00e1nku, ktor\u00e1 zapisuje cookies, vo va\u0161om po\u010d\u00edta\u010di sa vytvor\u00ed mal\u00fd textov\u00fd cookie s\u00fabor. S\u00fabor cookie je kr\u00e1tky textov\u00fd s\u00fabor, ktor\u00fd webov\u00e1 lokalita uklad\u00e1 vo va\u0161om po\u010d\u00edta\u010di alebo mobilnom zariaden\u00ed (vr\u00e1tane tabletu) pri jej prehliadan\u00ed. Ak t\u00fa ist\u00fa str\u00e1nku nav\u0161t\u00edvite nabud\u00face, v\u010faka nemu sa pripoj\u00edte r\u00fdchlej\u0161ie. Okrem toho v\u00e1s str\u00e1nka &#8220;spozn\u00e1&#8221; a pon\u00fakne v\u00e1m inform\u00e1cie, ktor\u00e9 preferujete, zaist\u00ed neopakovanie sa u\u017e zobrazenej reklamy, v pr\u00edpade vyp\u013a\u0148ania identifika\u010dn\u00fdch \u00fadajov pon\u00fakne doplnenie u\u017e vyplnen\u00fdch pri predch\u00e1dzaj\u00facich n\u00e1v\u0161tev\u00e1ch web prostredia a v nadv\u00e4znosti na tieto inform\u00e1cie zobrazova\u0165 relevantn\u00fd obsah a ponuky odhadovan\u00fdch aktiv\u00edt a slu\u017eieb, ktor\u00e9 ako predpoklad\u00e1me by ste mohli vyu\u017ei\u0165.\r\n\r\nS\u00fabory cookies pou\u017e\u00edvame na anal\u00fdzu n\u00e1v\u0161tevnosti webstr\u00e1nok prostredn\u00edctvom Google Analytics, Google AdSense (pod\u013ea vy\u0161\u0161ie uveden\u00e9ho popisu). Jedn\u00e1 sa o analytick\u00fd n\u00e1stroj, ktor\u00fd pom\u00e1ha vlastn\u00edkom webov\u00fdch str\u00e1nok a aplik\u00e1ci\u00ed pochopi\u0165, ako ich n\u00e1v\u0161tevn\u00edci tieto prostriedky pou\u017e\u00edvaj\u00fa. S\u00fabory cookie je mo\u017en\u00e9 pou\u017ei\u0165 na \u0161tatistick\u00e9 \u00fadaje o pou\u017e\u00edvan\u00ed webov\u00fdch str\u00e1nok bez osobnej identifik\u00e1cie jednotliv\u00fdch n\u00e1v\u0161tevn\u00edkov.\r\n\r\n<strong>Pr\u00e1vny z\u00e1klad sprac\u00favania<\/strong>\r\nAk pri zaznamen\u00e1van\u00ed dok\u00e1\u017eeme identifikova\u0165 osobu n\u00e1v\u0161tevn\u00edka webov\u00e9ho prostredia, bude sa jedna\u0165 o sprac\u00favanie osobn\u00fdch \u00fadajov. Pre tak\u00e9to sprac\u00favanie mus\u00edme disponova\u0165 pr\u00e1vnym z\u00e1kladom. Jedn\u00fdm pr\u00e1vnym z\u00e1kladom m\u00f4\u017ee by\u0165 s\u00fahlas, v\u00e1s ako dotknutej osoby, a druh\u00fdm, najm\u00e4 pri sledovan\u00ed aktiv\u00edt a ich vyhodnocovan\u00ed, bude opr\u00e1vnen\u00fd z\u00e1ujem prev\u00e1dzkovate\u013ea teda n\u00e1s pon\u00faknu\u0165 v\u00e1m, \u010do najlep\u0161ie nastavenie slu\u017eieb alebo podpory pri Va\u0161ich aktivit\u00e1ch v zmluvnom vz\u0165ahu s na\u0161ou spolo\u010dnos\u0165ou.\r\n\r\n<strong>Ak\u00e9 cookies vyhodnocujeme<\/strong>\r\nSession cookies &#8211; s\u00fa prechodn\u00e9 cookies ulo\u017een\u00e9 na va\u0161om po\u010d\u00edta\u010di, notebooku alebo mobilnom zariaden\u00ed do doby ne\u017e opust\u00edte webov\u00fa str\u00e1nku (str\u00e1nky) a v tom okamihu sa zma\u017e\u00fa. Tak\u00e9to cookies pom\u00e1haj\u00fa webovej str\u00e1nke (str\u00e1nkam), aby si zapam\u00e4tala inform\u00e1cie, ke\u010f prech\u00e1dzate zo str\u00e1nky na str\u00e1nku, tak\u017ee inform\u00e1cie nepotrebujete op\u00e4\u0165 zad\u00e1va\u0165 alebo opakovane inform\u00e1cie znova vyp\u013a\u0148a\u0165.\r\n\r\nPerzistentn\u00e9 cookies &#8211; zost\u00e1vaj\u00fa ulo\u017een\u00e9 na va\u0161om po\u010d\u00edta\u010di, notebooku alebo mobilnom zariaden\u00ed, aj ke\u010f opust\u00edte webov\u00fa str\u00e1nku (str\u00e1nky); tak\u00e9to cookies pom\u00e1haj\u00fa webovej str\u00e1nke (str\u00e1nkam), aby si v\u00e1s pam\u00e4tala, ke\u010f sa vr\u00e1tite ako n\u00e1v\u0161tevn\u00edk, pritom v\u00e1s neidentifikuj\u00fa ako osobu.\r\n\r\n<strong>Na ak\u00fd \u00fa\u010del vyu\u017e\u00edvame cookies<\/strong>\r\nVo v\u0161eobecnosti mo\u017eno rozdeli\u0165 cookies do 4 kateg\u00f3ri\u00ed pod\u013ea funkcie:\r\n<ul>\r\n \t<li>Nevyhnutne nutn\u00e9<\/li>\r\n \t<li>Prev\u00e1dzkov\u00e9<\/li>\r\n \t<li>Funk\u010dn\u00e9<\/li>\r\n \t<li>Reklamn\u00e9<\/li>\r\n<\/ul>\r\nNevyhnutne nutn\u00e9 cookies v\u00e1m umo\u017e\u0148uj\u00fa pohyb na webov\u00fdch str\u00e1nkach a pou\u017e\u00edvanie z\u00e1kladn\u00fdch funkci\u00ed ako s\u00fa zabezpe\u010den\u00e9 oblasti, n\u00e1kupn\u00e9 ko\u0161\u00edky a online platby. Tieto cookies o v\u00e1s nezhroma\u017e\u010fuj\u00fa \u017eiadne inform\u00e1cie, ktor\u00e9 by sa dali pou\u017ei\u0165 pri marketingu, ani si nepam\u00e4taj\u00fa, kde ste sa na internete pohybovali.\r\n\r\nS ich pomocou\r\n\r\nsi napr\u00edklad pam\u00e4t\u00e1me \u00fadaje, ktor\u00e9 ste zadali na objedn\u00e1vky, ke\u010f v r\u00e1mci jednej n\u00e1v\u0161tevy na\u0161ich webov\u00fdch str\u00e1nok prech\u00e1dzate r\u00f4znymi obrazovkami\u00a0si pam\u00e4t\u00e1me tovary a slu\u017eby, ktor\u00e9 ste si objednali, ke\u010f sa dostanete na obrazovku platby\u00a0zis\u0165ujeme va\u0161u toto\u017enos\u0165, ke\u010f sa na str\u00e1nky prihl\u00e1site zais\u0165ujeme, aby ste na na\u0161ich webov\u00fdch str\u00e1nkach na\u0161li potrebn\u00fa slu\u017ebu aj v pr\u00edpade, \u017ee by sme na\u0161e webov\u00e9 str\u00e1nky nejak\u00fdm sp\u00f4sobom reorganizovali. Ich zak\u00e1zan\u00edm nem\u00f4\u017eeme zaru\u010di\u0165 pln\u00fa funk\u010dnos\u0165 na\u0161ej str\u00e1nky.\r\n\r\nPrev\u00e1dzkov\u00e9 cookies &#8211; zhroma\u017e\u010fuj\u00fa inform\u00e1cie o tom, ako na\u0161e webov\u00e9 str\u00e1nky pou\u017e\u00edvate, napr. ktor\u00e9 str\u00e1nky nav\u0161tevujete, a \u010di ste narazili na nejak\u00e9 chyby, napr\u00edklad vo formul\u00e1roch. Tieto cookies nezhroma\u017e\u010fuj\u00fa \u017eiadne inform\u00e1cie, pod\u013ea ktor\u00fdch by bolo mo\u017en\u00e9 zisti\u0165 va\u0161u toto\u017enos\u0165 \u2013 v\u0161etky zhroma\u017eden\u00e9 \u00fadaje s\u00fa anonymn\u00e9 a sl\u00fa\u017eia n\u00e1m iba na to, aby sme mohli prev\u00e1dzku na\u0161ich webov\u00fdch str\u00e1nok optimalizova\u0165 a vedeli, \u010do na\u0161ich pou\u017e\u00edvate\u013eov zauj\u00edma a t\u00fdmto sp\u00f4sobom zisti\u0165, ako bola na\u0161a reklama efekt\u00edvna.\r\n\r\nS ich pomocou\r\n\r\nz\u00edskavame \u0161tatistick\u00e9 \u00fadaje o tom, ako sa na\u0161e webov\u00e9 str\u00e1nky pou\u017e\u00edvaj\u00fa m\u00f4\u017eeme zachyti\u0165 pr\u00edpadn\u00e9 chyby a ich odstr\u00e1nen\u00edm str\u00e1nky skvalit\u0148ova\u0165 testujeme r\u00f4zne koncepcie na\u0161ich webov\u00fdch str\u00e1nok Ich zak\u00e1zan\u00edm nem\u00f4\u017eeme zaru\u010di\u0165 pln\u00fa funk\u010dnos\u0165 na\u0161ej str\u00e1nky.\r\n\r\nFunk\u010dn\u00e9 cookies &#8211; sl\u00fa\u017eia k poskytovaniu slu\u017eieb alebo zapam\u00e4tanie nastaven\u00ed s cie\u013eom zaistenia maxim\u00e1lneho komfortu pri va\u0161ej n\u00e1v\u0161teve.\r\n\r\nS ich pomocou\r\n\r\nsi pam\u00e4t\u00e1me, ak\u00e9 nastavenie ste si zvolili, napr\u00edklad grafick\u00fd vzh\u013ead, ve\u013ekos\u0165 textu, predvo\u013eby a farby si pam\u00e4t\u00e1me, \u010di sme sa v\u00e1s u\u017e p\u00fdtali, \u010di chcete vyplni\u0165 anketu (a nemus\u00edme v\u00e1s touto ot\u00e1zkou ob\u0165a\u017eova\u0165 druh\u00fdkr\u00e1t) v\u00e1m m\u00f4\u017eeme pon\u00faknu\u0165 podporu vo forme proakt\u00edvnych chatovac\u00edch rel\u00e1ci\u00ed zist\u00edte, \u010di ste k na\u0161im webov\u00fdm str\u00e1nkam prihl\u00e1sen\u00fd m\u00f4\u017eeme va\u0161e \u00fadaje poskytn\u00fa\u0165 na\u0161im partnerom, ktor\u00ed v\u00e1m potom m\u00f4\u017eu prostredn\u00edctvom na\u0161ich webov\u00fdch str\u00e1nok pon\u00faka\u0165 svoje slu\u017eby. \u00dadaje bud\u00fa sl\u00fa\u017ei\u0165 v\u00fdlu\u010dne na poskytovanie slu\u017eieb, produktov alebo funkci\u00ed, na ni\u010d in\u00e9 Reklamn\u00e9 cookies &#8211; s\u00fa napojen\u00e9 na slu\u017eby poskytovan\u00e9 in\u00fdmi firmami, napr\u00edklad ikony \u201eP\u00e1\u010di sa mi to\u201c a \u201eZdiela\u0165\u201c. Tieto slu\u017eby poskytuje in\u00e1 firma v n\u00e1v\u00e4znosti na to, \u017ee ste nav\u0161t\u00edvili na\u0161e webov\u00e9 str\u00e1nky.\r\n\r\nS ich pomocou\r\n\r\nv\u00e1s m\u00f4\u017eeme prepoji\u0165 na soci\u00e1lne siete, ako je Facebook, a na z\u00e1klade \u00fadajov o va\u0161ej n\u00e1v\u0161teve potom budete dost\u00e1va\u0165 reklamu z in\u00fdch webov\u00fdch str\u00e1nok m\u00f4\u017eeme poskytova\u0165 \u00fadaje o va\u0161ej n\u00e1v\u0161teve reklamn\u00fdm agent\u00faram, ktor\u00e9 v\u00e1m potom bud\u00fa zasiela\u0165 reklamy, ktor\u00e9 by v\u00e1s mohli zauj\u00edma\u0165 Ak\u00e9 \u00fadaje o V\u00e1s m\u00f4\u017eeme vyhodnocova\u0165\r\nInform\u00e1cie o va\u0161ej n\u00e1v\u0161teve n\u00e1\u0161ho web s\u00eddla (str\u00e1nky www)\r\n\r\nInform\u00e1cie o IP adrese pripojenia, odtla\u010dok prehliada\u010da\r\n\r\n<strong>Inform\u00e1cie o va\u0161ej aktivite<\/strong>\r\n\r\nAutomatizovan\u00e9 rozhodovanie a Profilovanie\r\nV na\u0161om prostred\u00ed nedoch\u00e1dza k sp\u00e1janiu vy\u0161\u0161ie uveden\u00fdch aktiv\u00edt s va\u0161ou osobou a teda automatizovan\u00e9 sprac\u00favanie nem\u00e1 dopady na va\u0161e pr\u00e1va a slobody. Rovnako pri sprac\u00favan\u00ed va\u0161ich \u00fadajov nedoch\u00e1dza k profilovaniu.\r\n\r\n<strong>Ako skontrolova\u0165 nastavenie cookies<\/strong>\r\nS\u00fabory cookies m\u00f4\u017eete kontrolova\u0165 alebo zmaza\u0165 pod\u013ea uv\u00e1\u017eenia. Podrobnosti n\u00e1jdete na str\u00e1nke aboutcookies.org. M\u00f4\u017eete vymaza\u0165 v\u0161etky s\u00fabory cookie ulo\u017een\u00e9 vo svojom po\u010d\u00edta\u010di a v\u00e4\u010d\u0161inu prehliada\u010dov m\u00f4\u017eete nastavi\u0165 tak, aby ste im znemo\u017enili ich ukladanie.\r\n\r\nCookies s\u00fa u\u017eito\u010dn\u00e9, pokia\u013e ich majitelia str\u00e1nok nezneu\u017eij\u00fa na nepovolen\u00fd zber \u00fadajov. Ak cookies ned\u00f4verujete, m\u00f4\u017eete ich pravidelne z v\u00e1\u0161ho disku vymaz\u00e1va\u0165. V niektor\u00fdch pr\u00edpadoch m\u00f4\u017ee d\u00f4js\u0165 k nekorektn\u00e9mu z\u00e1pisu inform\u00e1ci\u00ed Cookies a teda k probl\u00e9mu s prihl\u00e1sen\u00edm sa napr. do na\u0161ich internetov\u00fdch aplik\u00e1cii (pr\u00edklad www). N\u00e1vod pre odstr\u00e1nenie v\u0161etk\u00fdch aj nekorektne zap\u00edsan\u00fdch Cookies n\u00e1jdete ni\u017e\u0161ie.\r\n\r\n<strong>N\u00e1vody na vymazanie Cookies v jednotliv\u00fdch internetov\u00fdch prehliada\u010doch<\/strong>\r\nInternet Explorer \u2122 http:\/\/windows.microsoft.com\/sk-SK\/windows-vista\/Block-or-allow-cookies\r\nSafari\u2122 http:\/\/www.apple.com\/\r\nOpera\u2122 http:\/\/help.opera.com\/Windows\/10.20\/sk\/cookies.html\r\nMozilla Firefox\u2122 http:\/\/support.mozilla.org\/sk\/kb\/povolenie-zakazanie-cookies\r\nGoogle Chrome\u2122 https:\/\/support.google.com\/chrome\/answer\/95647?hl=sk&amp;hlrm=en\r\nVa\u0161e \u00fadaje nepren\u00e1\u0161ame do tret\u00edch kraj\u00edn mimo E\u00da a EEA.\r\n\r\n<strong>Ako dlho budeme uchov\u00e1va\u0165 \u00fadaje z prehliadania<\/strong>\r\n\u00dadaje z prehliadania uchovan\u00e9 pod\u013ea nastavenia cookies nie s\u00fa uchov\u00e1van\u00e9 v na\u0161ich syst\u00e9moch. Na \u00fa\u010del va\u0161ej ochrany m\u00f4\u017eete kedyko\u013evek poda\u0165 podnet na Dozorn\u00fd org\u00e1n SR, ktor\u00fdm je \u00darad na ochranu osobn\u00fdch \u00fadajov SR prostredn\u00edctvom www.dataprotection.gov.sk.\r\n\r\n<strong>Odvolanie s\u00fahlasu<\/strong>\r\nV pr\u00edpade ak sprac\u00favame va\u0161e \u00fadaje na z\u00e1klade v\u00e1\u0161ho s\u00fahlasu je mo\u017en\u00e9 tento s\u00fahlas kedyko\u013evek odvola\u0165 alebo namieta\u0165 podan\u00edm podnetu na na\u0161ich miestach kontaktu alebo zaslan\u00edm podnetu na kontaktn\u00fd bod uveden\u00fd v \u010dasti Kontaktn\u00e9 \u00fadaje.\r\n\r\n<strong>Kontaktn\u00e9 \u00fadaje<\/strong>\r\nAk by ste sa chceli skontaktova\u0165 alebo mali pripomienky pre na\u0161u Zodpovedn\u00fa osobu za doh\u013ead nad ochranou osobn\u00fdch \u00fadajov v s\u00favislosti so spracov\u00e1van\u00edm va\u0161ich osobn\u00fdch \u00fadajov, po\u0161lite pros\u00edm e-mail (nach\u00e1dza sa v z\u00e1lo\u017eke kontakt) alebo prostredn\u00edctvom po\u0161ty na adresu (nach\u00e1dza sa v z\u00e1lo\u017eke kontakt).\r\n\r\n<!-- \/wp:heading -->","protected":false},"excerpt":{"rendered":"<p>Pravidl\u00e1 pou\u017e\u00edvania cookies Toto vyhl\u00e1senie m\u00f4\u017eeme z \u010dasu na \u010das aktualizova\u0165 aj bez upozornenia. Preto v\u00e1m odpor\u00fa\u010dame, aby ste sa pravidelne oboznamovali s jeho znen\u00edm na nasledovnom linku: Pravidl\u00e1 pou\u017e\u00edvania cookies. T\u00e1to verzia vyhl\u00e1senia bola vydan\u00e1 d\u0148a 11. augusta 2020. Cookies Ak nav\u0161t\u00edvite st\u00e1nku, ktor\u00e1 zapisuje cookies, vo va\u0161om po\u010d\u00edta\u010di sa vytvor\u00ed mal\u00fd textov\u00fd cookie<br \/><a class=\"moretag\" href=\"https:\/\/womusk.com\/en\/cookies\/\">+ Read More<\/a><\/p>\n","protected":false},"author":1,"featured_media":0,"parent":0,"menu_order":6,"comment_status":"closed","ping_status":"closed","template":"","meta":{"_ppp_document_settings_meta":""},"acf":[],"yoast_head":"<!-- This site is optimized with the Yoast SEO plugin v21.8 - https:\/\/yoast.com\/wordpress\/plugins\/seo\/ -->\n<title>Cookies - Womusk<\/title>\n<meta name=\"robots\" content=\"index, follow, max-snippet:-1, max-image-preview:large, max-video-preview:-1\" \/>\n<link rel=\"canonical\" href=\"https:\/\/womusk.com\/en\/cookies\/\" \/>\n<meta property=\"og:locale\" content=\"en_US\" \/>\n<meta property=\"og:type\" content=\"article\" \/>\n<meta property=\"og:title\" content=\"Cookies - Womusk\" \/>\n<meta property=\"og:description\" content=\"Pravidl\u00e1 pou\u017e\u00edvania cookies Toto vyhl\u00e1senie m\u00f4\u017eeme z \u010dasu na \u010das aktualizova\u0165 aj bez upozornenia. Preto v\u00e1m odpor\u00fa\u010dame, aby ste sa pravidelne oboznamovali s jeho znen\u00edm na nasledovnom linku: Pravidl\u00e1 pou\u017e\u00edvania cookies. T\u00e1to verzia vyhl\u00e1senia bola vydan\u00e1 d\u0148a 11. augusta 2020. Cookies Ak nav\u0161t\u00edvite st\u00e1nku, ktor\u00e1 zapisuje cookies, vo va\u0161om po\u010d\u00edta\u010di sa vytvor\u00ed mal\u00fd textov\u00fd cookie+ Read More\" \/>\n<meta property=\"og:url\" content=\"https:\/\/womusk.com\/en\/cookies\/\" \/>\n<meta property=\"og:site_name\" content=\"Womusk\" \/>\n<meta property=\"article:publisher\" content=\"https:\/\/www.facebook.com\/womusk\/\" \/>\n<meta name=\"twitter:card\" content=\"summary_large_image\" \/>\n<meta name=\"twitter:label1\" content=\"Est. reading time\" \/>\n\t<meta name=\"twitter:data1\" content=\"16 minutes\" \/>\n<script type=\"application\/ld+json\" class=\"yoast-schema-graph\">{\"@context\":\"https:\/\/schema.org\",\"@graph\":[{\"@type\":\"WebPage\",\"@id\":\"https:\/\/womusk.com\/en\/cookies\/\",\"url\":\"https:\/\/womusk.com\/en\/cookies\/\",\"name\":\"Cookies - Womusk\",\"isPartOf\":{\"@id\":\"https:\/\/womusk.com\/en\/#website\"},\"datePublished\":\"2020-08-11T08:29:16+00:00\",\"dateModified\":\"2020-08-11T08:29:16+00:00\",\"breadcrumb\":{\"@id\":\"https:\/\/womusk.com\/en\/cookies\/#breadcrumb\"},\"inLanguage\":\"en-US\",\"potentialAction\":[{\"@type\":\"ReadAction\",\"target\":[[\"https:\/\/womusk.com\/en\/cookies\/\"]]}]},{\"@type\":\"BreadcrumbList\",\"@id\":\"https:\/\/womusk.com\/en\/cookies\/#breadcrumb\",\"itemListElement\":[{\"@type\":\"ListItem\",\"position\":1,\"name\":\"Domovsk\u00e1 str\u00e1nka\",\"item\":\"https:\/\/womusk.com\/en\/\"},{\"@type\":\"ListItem\",\"position\":2,\"name\":\"Cookies\"}]},{\"@type\":\"WebSite\",\"@id\":\"https:\/\/womusk.com\/en\/#website\",\"url\":\"https:\/\/womusk.com\/en\/\",\"name\":\"Womusk\",\"description\":\"The World Music from Slovakia\",\"publisher\":{\"@id\":\"https:\/\/womusk.com\/en\/#organization\"},\"potentialAction\":[{\"@type\":\"SearchAction\",\"target\":{\"@type\":\"EntryPoint\",\"urlTemplate\":\"https:\/\/womusk.com\/en\/?s={search_term_string}\"},\"query-input\":\"required name=search_term_string\"}],\"inLanguage\":\"en-US\"},{\"@type\":\"Organization\",\"@id\":\"https:\/\/womusk.com\/en\/#organization\",\"name\":\"The World Music from Slovakia\",\"url\":\"https:\/\/womusk.com\/en\/\",\"logo\":{\"@type\":\"ImageObject\",\"inLanguage\":\"en-US\",\"@id\":\"https:\/\/womusk.com\/en\/#\/schema\/logo\/image\/\",\"url\":\"https:\/\/womusk.com\/wp-content\/uploads\/2019\/07\/womusk_logo_transpent.png\",\"contentUrl\":\"https:\/\/womusk.com\/wp-content\/uploads\/2019\/07\/womusk_logo_transpent.png\",\"width\":300,\"height\":73,\"caption\":\"The World Music from Slovakia\"},\"image\":{\"@id\":\"https:\/\/womusk.com\/en\/#\/schema\/logo\/image\/\"},\"sameAs\":[\"https:\/\/www.facebook.com\/womusk\/\"]}]}<\/script>\n<!-- \/ Yoast SEO plugin. -->","yoast_head_json":{"title":"Cookies - Womusk","robots":{"index":"index","follow":"follow","max-snippet":"max-snippet:-1","max-image-preview":"max-image-preview:large","max-video-preview":"max-video-preview:-1"},"canonical":"https:\/\/womusk.com\/en\/cookies\/","og_locale":"en_US","og_type":"article","og_title":"Cookies - Womusk","og_description":"Pravidl\u00e1 pou\u017e\u00edvania cookies Toto vyhl\u00e1senie m\u00f4\u017eeme z \u010dasu na \u010das aktualizova\u0165 aj bez upozornenia. Preto v\u00e1m odpor\u00fa\u010dame, aby ste sa pravidelne oboznamovali s jeho znen\u00edm na nasledovnom linku: Pravidl\u00e1 pou\u017e\u00edvania cookies. T\u00e1to verzia vyhl\u00e1senia bola vydan\u00e1 d\u0148a 11. augusta 2020. Cookies Ak nav\u0161t\u00edvite st\u00e1nku, ktor\u00e1 zapisuje cookies, vo va\u0161om po\u010d\u00edta\u010di sa vytvor\u00ed mal\u00fd textov\u00fd cookie+ Read More","og_url":"https:\/\/womusk.com\/en\/cookies\/","og_site_name":"Womusk","article_publisher":"https:\/\/www.facebook.com\/womusk\/","twitter_card":"summary_large_image","twitter_misc":{"Est. reading time":"16 minutes"},"schema":{"@context":"https:\/\/schema.org","@graph":[{"@type":"WebPage","@id":"https:\/\/womusk.com\/en\/cookies\/","url":"https:\/\/womusk.com\/en\/cookies\/","name":"Cookies - Womusk","isPartOf":{"@id":"https:\/\/womusk.com\/en\/#website"},"datePublished":"2020-08-11T08:29:16+00:00","dateModified":"2020-08-11T08:29:16+00:00","breadcrumb":{"@id":"https:\/\/womusk.com\/en\/cookies\/#breadcrumb"},"inLanguage":"en-US","potentialAction":[{"@type":"ReadAction","target":[["https:\/\/womusk.com\/en\/cookies\/"]]}]},{"@type":"BreadcrumbList","@id":"https:\/\/womusk.com\/en\/cookies\/#breadcrumb","itemListElement":[{"@type":"ListItem","position":1,"name":"Domovsk\u00e1 str\u00e1nka","item":"https:\/\/womusk.com\/en\/"},{"@type":"ListItem","position":2,"name":"Cookies"}]},{"@type":"WebSite","@id":"https:\/\/womusk.com\/en\/#website","url":"https:\/\/womusk.com\/en\/","name":"Womusk","description":"The World Music from Slovakia","publisher":{"@id":"https:\/\/womusk.com\/en\/#organization"},"potentialAction":[{"@type":"SearchAction","target":{"@type":"EntryPoint","urlTemplate":"https:\/\/womusk.com\/en\/?s={search_term_string}"},"query-input":"required name=search_term_string"}],"inLanguage":"en-US"},{"@type":"Organization","@id":"https:\/\/womusk.com\/en\/#organization","name":"The World Music from Slovakia","url":"https:\/\/womusk.com\/en\/","logo":{"@type":"ImageObject","inLanguage":"en-US","@id":"https:\/\/womusk.com\/en\/#\/schema\/logo\/image\/","url":"https:\/\/womusk.com\/wp-content\/uploads\/2019\/07\/womusk_logo_transpent.png","contentUrl":"https:\/\/womusk.com\/wp-content\/uploads\/2019\/07\/womusk_logo_transpent.png","width":300,"height":73,"caption":"The World Music from Slovakia"},"image":{"@id":"https:\/\/womusk.com\/en\/#\/schema\/logo\/image\/"},"sameAs":["https:\/\/www.facebook.com\/womusk\/"]}]}},"_links":{"self":[{"href":"https:\/\/womusk.com\/en\/wp-json\/wp\/v2\/pages\/1153"}],"collection":[{"href":"https:\/\/womusk.com\/en\/wp-json\/wp\/v2\/pages"}],"about":[{"href":"https:\/\/womusk.com\/en\/wp-json\/wp\/v2\/types\/page"}],"author":[{"embeddable":true,"href":"https:\/\/womusk.com\/en\/wp-json\/wp\/v2\/users\/1"}],"replies":[{"embeddable":true,"href":"https:\/\/womusk.com\/en\/wp-json\/wp\/v2\/comments?post=1153"}],"version-history":[{"count":1,"href":"https:\/\/womusk.com\/en\/wp-json\/wp\/v2\/pages\/1153\/revisions"}],"predecessor-version":[{"id":1154,"href":"https:\/\/womusk.com\/en\/wp-json\/wp\/v2\/pages\/1153\/revisions\/1154"}],"wp:attachment":[{"href":"https:\/\/womusk.com\/en\/wp-json\/wp\/v2\/media?parent=1153"}],"curies":[{"name":"wp","href":"https:\/\/api.w.org\/{rel}","templated":true}]}}